{"id":6542,"date":"2019-05-13T12:26:58","date_gmt":"2019-05-13T12:26:58","guid":{"rendered":"https:\/\/www.kyberteatro.it\/privacy-policy\/"},"modified":"2019-05-13T12:29:29","modified_gmt":"2019-05-13T12:29:29","slug":"privacy-policy","status":"publish","type":"page","link":"https:\/\/www.kyberteatro.it\/en\/privacy-policy\/","title":{"rendered":"privacy policy"},"content":{"rendered":"<h2>PRIVACY POLICY<\/h2>\n<p>&nbsp;<\/p>\n<p>L\u2019indirizzo del mio sito web \u00e8: https:\/\/www.kyberteatro.it<\/p>\n<p>info@kyberteatro.it<\/p>\n<p>&nbsp;<\/p>\n<p>Mauro Zedda in qualit\u00e0 di titolare del trattamento dati, raccoglie e tratta i dati personali esclusivamente per le attivit\u00e0 e i servizi indicati nel presente sito web. I dati personali potranno essere comunicati a persone incaricate del trattamento da parte del titolare, ma non saranno oggetto di diffusione; in particolare non saranno utilizzati per scopi commerciali e\/o attivit\u00e0 di marketing<em>.<\/em><\/p>\n<p>L\u2019interessato potr\u00e0 rivolgersi al titolare inviando una mail ainfo@kyberteatro.it per conoscere i suoi dati e farli integrare, modificare o cancellare per violazione di legge, od opporsi al loro trattamento e\/o esercitare gli altri diritti previsti dall\u2019art. 7 D.lgs. n. 196\/03 e dal Regolamento Ue 2016\/679 noto come GDPR.<\/p>\n<p>&nbsp;<\/p>\n<h3>Modalit\u00e0 di raccolta dati<\/h3>\n<p><strong>Modulo di contatto<\/strong><\/p>\n<p><em>Plugin WordPress Contact Form 7<\/em><\/p>\n<p>Richiedo solo la compilazione del campo nome ed e-mail per poter stabilire un primo contatto. I dati inviati vengono utilizzati esclusivamente per evadere la tua richiesta di informazioni.<\/p>\n<p>&nbsp;<\/p>\n<p>&nbsp;<\/p>\n<p><strong>Contenuto incorporato da altri siti web<\/strong><\/p>\n<p>Gli articoli su questo sito possono includere contenuti incorporati (ad esempio video, immagini, articoli, ecc.). I contenuti incorporati da altri siti web si comportano esattamente allo stesso modo come se il visitatore avesse visitato l\u2019altro sito web. Questi siti web possono raccogliere dati su di te, usare cookie, integrare ulteriori tracciamenti di terze parti e monitorare l\u2019interazione con essi, incluso il tracciamento della tua interazione con il contenuto incorporato se hai un account e sei connesso a quei siti web.<\/p>\n<p>&nbsp;<\/p>\n<p>&nbsp;<\/p>\n<h3>Modalit\u00e0 del trattamento dei dati<\/h3>\n<p>Il trattamento dei dati raccolti viene gestito dal Sito mediante strumenti informatici e telematici con logiche strettamente correlate alle finalit\u00e0 di seguito evidenziate e, comunque, in modo da garantire la sicurezza e la riservatezza dei dati stessi.<\/p>\n<p>&nbsp;<\/p>\n<p><strong>Come proteggiamo i tuoi dati<\/strong><br \/>\nPer garantirti la massima tranquillit\u00e0 durante la permanenza sul nostro sito abbiamo configurato un\u00a0<strong>certificato di sicurezza SSL<\/strong>. Inoltre, il CMS che utilizziamo non condivide i tuoi dati. Per il servizio hosting ci appoggiamo a Serverplan che non espone i propri clienti a profilazione o remarketing.<\/p>\n<p><strong>Per quanto tempo conserviamo i tuoi dati<\/strong><br \/>\nPer gli utenti che si registrano sul nostro sito web (se presenti), memorizziamo anche le informazioni personali che forniscono nel loro profilo utente. Tutti gli utenti possono vedere, modificare o cancellare le loro informazioni personali in qualsiasi momento (eccetto il loro nome utente che non possono cambiare). Gli amministratori del sito web possono anche vedere e modificare queste informazioni.<\/p>\n<p><strong>Quali diritti hai sui tuoi dati<\/strong><br \/>\nPuoi richiedere la cancellazione di tutti i dati personali che ti riguardano. Questo non include i dati che siamo obbligati a conservare per scopi amministrativi, legali o di sicurezza.<\/p>\n<p>&nbsp;<\/p>\n<p>&nbsp;<\/p>\n<p>&nbsp;<\/p>\n<h3>Cookie Policy<\/h3>\n<p>&nbsp;<\/p>\n<p>Il sito\u00a0<em>www.kyberteatro.it<\/em>\u00a0si avvale dell\u2019utilizzo solo di cookie tecnici che permettono il corretto funzionamento della piattaforma.<\/p>\n<p>&nbsp;<\/p>\n<p><strong>Cosa sono i Cookie<\/strong><\/p>\n<p>I cookie sono file informatici o dati parziali che possono venire salvati sul computer (o altri dispositivi abilitati alla navigazione su internet, per esempio smartphone o tablet) quando si visita un sito. Di solito un cookie contiene il nome del sito internet dal quale il cookie stesso proviene, la \u2018durata vitale\u2019 del cookie (ovvero per quanto tempo rimarr\u00e0 sul tuo dispositivo), ed un valore, che di regola \u00e8 un numero unico generato in modo casuale.<\/p>\n<p>&nbsp;<\/p>\n<p><strong>Tipologie di Cookie<\/strong><\/p>\n<p>I cookie si distinguono in \u201ctecnici\u201d e \u201cdi profilazione\u201d. Inoltre i cookie possono esser suddivisi tra quelli installati dal titolare \u201cdi prima parte\u201d o gestore del sito e i cookie cosiddetti \u201cdi terze parti\u201c.<\/p>\n<p>I cookie tecnici permettono di migliorare la navigabilit\u00e0 del sito e l\u2019esperienza dell\u2019utente. Possono essere suddivisi in cookie di navigazione o di sessione , permettendo, ad esempio, di effettuare un acquisto o di autenticarsi per accedere ad aree riservate, e in cookie di funzionalit\u00e0 , che permettono all\u2019utente di navigare il sito in base ai criteri scelti, come ad esempio la lingua. Per l\u2019installazione di tali cookie non \u00e8 richiesto il consenso preventivo degli utenti.<\/p>\n<p>I cookie di profilazione permettono di tracciare l\u2019utente e di ricavarne informazioni utili a scopi successivi. I cookie di profilazione spesso vengono utilizzati per il remarketing della pubblicit\u00e0, per ottenere informazioni riguardo le abitudini e interessi, oppure per tracciare specifici comportamenti. I siti web utilizzano questi cookie per scopi pubblicitari.<\/p>\n<p>I cookie di prima parte sono i cookie di propriet\u00e0 del titolare del sito che vengono installati direttamente nel dispositivo dell\u2019utente.<\/p>\n<p>I cookie di terze parti sono i cookie predisposti e gestiti da responsabili estranei (c.d. terze parti) al sito web. Non avendo accesso alle impostazioni di detti cookie, l\u2019utente pu\u00f2 esercitare i propri diritti solo e unicamente tramite le modalit\u00e0 previste dalla terza parte che conserva le informazioni raccolte.<\/p>\n<p>&nbsp;<\/p>\n<h3>COOKIE UTILIZZATI<\/h3>\n<p>kyberteatro.it utilizza solo Cookie tecnici che assicurano il corretto funzionamento del sito e garantiscono una gradevole esperienza di navigazione. Non viene fatto utilizzo di cookie di profilazione.<\/p>\n<p>&nbsp;<\/p>\n<p><strong>Disabilitazione cookie tramite browser<\/strong><\/p>\n<p>Esistono diversi modi per gestire i cookie e altre tecnologie di tracciabilit\u00e0. Modificando le impostazioni del browser, puoi accettare o rifiutare i cookie o decidere di ricevere un messaggio di avviso prima di accettare un cookie dai siti web visitati. Si ricorda che disabilitando completamente i cookie nel browser si potrebbe non essere in grado di utilizzare tutte le funzionalit\u00e0 interattive. Se si utilizzano pi\u00f9 computer in postazioni diverse, \u00e8 necessario assicurarsi che ogni browser sia impostato in modo da soddisfare le preferenze.<\/p>\n<p>Si possono eliminare tutti i cookie installati nella cartella dei cookie del browser. Ciascun browser presenta procedure diverse per la gestione delle impostazioni. Facendo clic su uno dei collegamenti sottostanti si possono ottenere istruzioni specifiche.<\/p>\n<p><a href=\"http:\/\/windows.microsoft.com\/it-it\/internet-explorer\/delete-manage-cookies#ie=ie-11\" target=\"_blank\" rel=\"noopener noreferrer\">Microsoft Windows Explorer<\/a><\/p>\n<p><a href=\"https:\/\/support.google.com\/chrome\/answer\/95647?hl=it\" target=\"_blank\" rel=\"noopener noreferrer\">Google Chrome<\/a><\/p>\n<p><a href=\"https:\/\/support.mozilla.org\/it\/kb\/Gestione%20dei%20cookie?redirectlocale=en-US&amp;redirectslug=Cookies\" target=\"_blank\" rel=\"noopener noreferrer\">Mozilla Firefox<\/a><\/p>\n<p><a href=\"https:\/\/support.apple.com\/it-it\/HT201265\" target=\"_blank\" rel=\"noopener noreferrer\">Apple Safari<\/a><\/p>\n<p>Se non si utilizza nessuno dei browser sopra elencati, bisogna selezionare \u201ccookie\u201d nella relativa sezione della guida del browser utilizzato per scoprire dove si trova la cartella dei cookie.<\/p>\n<p>Per ulteriori informazioni sui cookies e su come gestirli, si pu\u00f2 visitare www.allaboutcookies.org e hwww.youronlinechoices.eu<\/p>\n<p>&nbsp;<\/p>\n<p><strong>Eliminazione dei cookie Flash<\/strong><\/p>\n<p>Gli strumenti di gestione dei cookie disponibili nel browser non sono in grado di rimuovere i cookie Flash. Disabilitando i cookie Flash, tuttavia, alcuni dei servizi potrebbero non funzionare correttamente non potendo accedere a numerose funzionalit\u00e0 pensate per ottimizzare l\u2019 esperienza di navigazione.<\/p>\n<p><a href=\"http:\/\/www.macromedia.com\/support\/documentation\/en\/flashplayer\/help\/settings_manager02.html#118539\" target=\"_blank\" rel=\"noopener noreferrer\">Disabilitazione dei cookie Flash<\/a><\/p>\n","protected":false},"excerpt":{"rendered":"<p>PRIVACY POLICY &nbsp; L\u2019indirizzo del mio sito web \u00e8: https:\/\/www.kyberteatro.it info@kyberteatro.it &nbsp; Mauro Zedda in qualit\u00e0 di titolare del trattamento dati, raccoglie e tratta i&#8230;<\/p>\n","protected":false},"author":1,"featured_media":0,"parent":0,"menu_order":0,"comment_status":"closed","ping_status":"closed","template":"","meta":{"inline_featured_image":false,"footnotes":""},"class_list":["post-6542","page","type-page","status-publish"],"yoast_head":"<!-- This site is optimized with the Yoast SEO plugin v27.5 - https:\/\/yoast.com\/product\/yoast-seo-wordpress\/ -->\n<title>privacy policy - KYBER TEATRO<\/title>\n<meta name=\"robots\" content=\"index, follow, max-snippet:-1, max-image-preview:large, max-video-preview:-1\" \/>\n<link rel=\"canonical\" href=\"https:\/\/www.kyberteatro.it\/en\/privacy-policy\/\" \/>\n<meta property=\"og:locale\" content=\"en_US\" \/>\n<meta property=\"og:type\" content=\"article\" \/>\n<meta property=\"og:title\" content=\"privacy policy - KYBER TEATRO\" \/>\n<meta property=\"og:description\" content=\"PRIVACY POLICY &nbsp; L\u2019indirizzo del mio sito web \u00e8: https:\/\/www.kyberteatro.it info@kyberteatro.it &nbsp; Mauro Zedda in qualit\u00e0 di titolare del trattamento dati, raccoglie e tratta i...\" \/>\n<meta property=\"og:url\" content=\"https:\/\/www.kyberteatro.it\/en\/privacy-policy\/\" \/>\n<meta property=\"og:site_name\" content=\"KYBER TEATRO\" \/>\n<meta property=\"article:publisher\" content=\"https:\/\/www.facebook.com\/kyberteatro\/?ref=bookmarks\" \/>\n<meta property=\"article:modified_time\" content=\"2019-05-13T12:29:29+00:00\" \/>\n<meta name=\"twitter:card\" content=\"summary_large_image\" \/>\n<meta name=\"twitter:label1\" content=\"Est. reading time\" \/>\n\t<meta name=\"twitter:data1\" content=\"5 minutes\" \/>\n<script type=\"application\/ld+json\" class=\"yoast-schema-graph\">{\"@context\":\"https:\\\/\\\/schema.org\",\"@graph\":[{\"@type\":\"WebPage\",\"@id\":\"https:\\\/\\\/www.kyberteatro.it\\\/en\\\/privacy-policy\\\/\",\"url\":\"https:\\\/\\\/www.kyberteatro.it\\\/en\\\/privacy-policy\\\/\",\"name\":\"privacy policy - KYBER TEATRO\",\"isPartOf\":{\"@id\":\"https:\\\/\\\/www.kyberteatro.it\\\/#website\"},\"datePublished\":\"2019-05-13T12:26:58+00:00\",\"dateModified\":\"2019-05-13T12:29:29+00:00\",\"breadcrumb\":{\"@id\":\"https:\\\/\\\/www.kyberteatro.it\\\/en\\\/privacy-policy\\\/#breadcrumb\"},\"inLanguage\":\"en-US\",\"potentialAction\":[{\"@type\":\"ReadAction\",\"target\":[\"https:\\\/\\\/www.kyberteatro.it\\\/en\\\/privacy-policy\\\/\"]}]},{\"@type\":\"BreadcrumbList\",\"@id\":\"https:\\\/\\\/www.kyberteatro.it\\\/en\\\/privacy-policy\\\/#breadcrumb\",\"itemListElement\":[{\"@type\":\"ListItem\",\"position\":1,\"name\":\"Home\",\"item\":\"https:\\\/\\\/www.kyberteatro.it\\\/en\\\/\"},{\"@type\":\"ListItem\",\"position\":2,\"name\":\"privacy policy\"}]},{\"@type\":\"WebSite\",\"@id\":\"https:\\\/\\\/www.kyberteatro.it\\\/#website\",\"url\":\"https:\\\/\\\/www.kyberteatro.it\\\/\",\"name\":\"Kyber Teatro\",\"description\":\"TEATRO E NUOVE TECNOLOGIE\",\"publisher\":{\"@id\":\"https:\\\/\\\/www.kyberteatro.it\\\/#organization\"},\"potentialAction\":[{\"@type\":\"SearchAction\",\"target\":{\"@type\":\"EntryPoint\",\"urlTemplate\":\"https:\\\/\\\/www.kyberteatro.it\\\/?s={search_term_string}\"},\"query-input\":{\"@type\":\"PropertyValueSpecification\",\"valueRequired\":true,\"valueName\":\"search_term_string\"}}],\"inLanguage\":\"en-US\"},{\"@type\":\"Organization\",\"@id\":\"https:\\\/\\\/www.kyberteatro.it\\\/#organization\",\"name\":\"Kyber Teatro\",\"url\":\"https:\\\/\\\/www.kyberteatro.it\\\/\",\"logo\":{\"@type\":\"ImageObject\",\"inLanguage\":\"en-US\",\"@id\":\"https:\\\/\\\/www.kyberteatro.it\\\/#\\\/schema\\\/logo\\\/image\\\/\",\"url\":\"https:\\\/\\\/www.kyberteatro.it\\\/wp-content\\\/uploads\\\/2019\\\/01\\\/logo-b-2.png\",\"contentUrl\":\"https:\\\/\\\/www.kyberteatro.it\\\/wp-content\\\/uploads\\\/2019\\\/01\\\/logo-b-2.png\",\"width\":210,\"height\":83,\"caption\":\"Kyber Teatro\"},\"image\":{\"@id\":\"https:\\\/\\\/www.kyberteatro.it\\\/#\\\/schema\\\/logo\\\/image\\\/\"},\"sameAs\":[\"https:\\\/\\\/www.facebook.com\\\/kyberteatro\\\/?ref=bookmarks\"]}]}<\/script>\n<!-- \/ Yoast SEO plugin. -->","yoast_head_json":{"title":"privacy policy - KYBER TEATRO","robots":{"index":"index","follow":"follow","max-snippet":"max-snippet:-1","max-image-preview":"max-image-preview:large","max-video-preview":"max-video-preview:-1"},"canonical":"https:\/\/www.kyberteatro.it\/en\/privacy-policy\/","og_locale":"en_US","og_type":"article","og_title":"privacy policy - KYBER TEATRO","og_description":"PRIVACY POLICY &nbsp; L\u2019indirizzo del mio sito web \u00e8: https:\/\/www.kyberteatro.it info@kyberteatro.it &nbsp; Mauro Zedda in qualit\u00e0 di titolare del trattamento dati, raccoglie e tratta i...","og_url":"https:\/\/www.kyberteatro.it\/en\/privacy-policy\/","og_site_name":"KYBER TEATRO","article_publisher":"https:\/\/www.facebook.com\/kyberteatro\/?ref=bookmarks","article_modified_time":"2019-05-13T12:29:29+00:00","twitter_card":"summary_large_image","twitter_misc":{"Est. reading time":"5 minutes"},"schema":{"@context":"https:\/\/schema.org","@graph":[{"@type":"WebPage","@id":"https:\/\/www.kyberteatro.it\/en\/privacy-policy\/","url":"https:\/\/www.kyberteatro.it\/en\/privacy-policy\/","name":"privacy policy - KYBER TEATRO","isPartOf":{"@id":"https:\/\/www.kyberteatro.it\/#website"},"datePublished":"2019-05-13T12:26:58+00:00","dateModified":"2019-05-13T12:29:29+00:00","breadcrumb":{"@id":"https:\/\/www.kyberteatro.it\/en\/privacy-policy\/#breadcrumb"},"inLanguage":"en-US","potentialAction":[{"@type":"ReadAction","target":["https:\/\/www.kyberteatro.it\/en\/privacy-policy\/"]}]},{"@type":"BreadcrumbList","@id":"https:\/\/www.kyberteatro.it\/en\/privacy-policy\/#breadcrumb","itemListElement":[{"@type":"ListItem","position":1,"name":"Home","item":"https:\/\/www.kyberteatro.it\/en\/"},{"@type":"ListItem","position":2,"name":"privacy policy"}]},{"@type":"WebSite","@id":"https:\/\/www.kyberteatro.it\/#website","url":"https:\/\/www.kyberteatro.it\/","name":"Kyber Teatro","description":"TEATRO E NUOVE TECNOLOGIE","publisher":{"@id":"https:\/\/www.kyberteatro.it\/#organization"},"potentialAction":[{"@type":"SearchAction","target":{"@type":"EntryPoint","urlTemplate":"https:\/\/www.kyberteatro.it\/?s={search_term_string}"},"query-input":{"@type":"PropertyValueSpecification","valueRequired":true,"valueName":"search_term_string"}}],"inLanguage":"en-US"},{"@type":"Organization","@id":"https:\/\/www.kyberteatro.it\/#organization","name":"Kyber Teatro","url":"https:\/\/www.kyberteatro.it\/","logo":{"@type":"ImageObject","inLanguage":"en-US","@id":"https:\/\/www.kyberteatro.it\/#\/schema\/logo\/image\/","url":"https:\/\/www.kyberteatro.it\/wp-content\/uploads\/2019\/01\/logo-b-2.png","contentUrl":"https:\/\/www.kyberteatro.it\/wp-content\/uploads\/2019\/01\/logo-b-2.png","width":210,"height":83,"caption":"Kyber Teatro"},"image":{"@id":"https:\/\/www.kyberteatro.it\/#\/schema\/logo\/image\/"},"sameAs":["https:\/\/www.facebook.com\/kyberteatro\/?ref=bookmarks"]}]}},"_links":{"self":[{"href":"https:\/\/www.kyberteatro.it\/en\/wp-json\/wp\/v2\/pages\/6542","targetHints":{"allow":["GET"]}}],"collection":[{"href":"https:\/\/www.kyberteatro.it\/en\/wp-json\/wp\/v2\/pages"}],"about":[{"href":"https:\/\/www.kyberteatro.it\/en\/wp-json\/wp\/v2\/types\/page"}],"author":[{"embeddable":true,"href":"https:\/\/www.kyberteatro.it\/en\/wp-json\/wp\/v2\/users\/1"}],"replies":[{"embeddable":true,"href":"https:\/\/www.kyberteatro.it\/en\/wp-json\/wp\/v2\/comments?post=6542"}],"version-history":[{"count":1,"href":"https:\/\/www.kyberteatro.it\/en\/wp-json\/wp\/v2\/pages\/6542\/revisions"}],"predecessor-version":[{"id":6543,"href":"https:\/\/www.kyberteatro.it\/en\/wp-json\/wp\/v2\/pages\/6542\/revisions\/6543"}],"wp:attachment":[{"href":"https:\/\/www.kyberteatro.it\/en\/wp-json\/wp\/v2\/media?parent=6542"}],"curies":[{"name":"wp","href":"https:\/\/api.w.org\/{rel}","templated":true}]}}